{"id":239,"date":"2023-09-01T11:38:40","date_gmt":"2023-09-01T17:38:40","guid":{"rendered":"https:\/\/navarrocym.com.mx\/?page_id=239"},"modified":"2023-09-12T10:29:49","modified_gmt":"2023-09-12T16:29:49","slug":"contacto","status":"publish","type":"page","link":"https:\/\/navarrocym.com.mx\/es\/contacto\/","title":{"rendered":"Contacto"},"content":{"rendered":"\n\t\t<div id=\"fws_69ef47bb205e9\"  data-column-margin=\"default\" data-midnight=\"light\" data-top-percent=\"15%\" data-bottom-percent=\"5%\"  class=\"wpb_row vc_row-fluid vc_row full-width-section vc_row-o-equal-height vc_row-flex vc_row-o-content-bottom parallax_section\"  style=\"padding-top: calc(100vw * 0.15); padding-bottom: calc(100vw * 0.05); \"><div class=\"row-bg-wrap\" data-bg-animation=\"fade-in\" data-bg-animation-delay=\"\" data-bg-overlay=\"true\"><div class=\"inner-wrap row-bg-layer using-image\" style=\"background-color: #d1d1ca;\" ><div class=\"row-bg viewport-desktop using-image using-bg-color\" data-parallax-speed=\"fast\" style=\"background-image: url(https:\/\/navarrocym.com.mx\/wp-content\/uploads\/2023\/06\/headers-5.webp); background-position: center center; background-repeat: no-repeat; background-color: #d1d1ca; \"><\/div><\/div><div class=\"row-bg-overlay row-bg-layer\" style=\"background-color:#0a0a0a;  opacity: 0.5; \"><\/div><\/div><div class=\"row_col_wrap_12 col span_12 light left\">\n\t<div  class=\"vc_col-sm-12 wpb_column column_container vc_column_container col no-extra-padding inherit_tablet inherit_phone \"  data-padding-pos=\"all\" data-has-bg-color=\"false\" data-bg-color=\"\" data-bg-opacity=\"1\" data-animation=\"\" data-delay=\"0\" >\n\t\t<div class=\"vc_column-inner\" >\n\t\t\t<div class=\"wpb_wrapper\">\n\t\t\t\t<div id=\"fws_69ef47bb3184a\" data-midnight=\"\" data-column-margin=\"default\" class=\"wpb_row vc_row-fluid vc_row inner_row\"  style=\"\"><div class=\"row-bg-wrap\"> <div class=\"row-bg\" ><\/div> <\/div><div class=\"row_col_wrap_12_inner col span_12  left\">\n\t<div  class=\"vc_col-sm-12 wpb_column column_container vc_column_container col child_column no-extra-padding force-desktop-text-align-left inherit_tablet inherit_phone \"   data-padding-pos=\"all\" data-has-bg-color=\"false\" data-bg-color=\"\" data-bg-opacity=\"1\" data-animation=\"\" data-delay=\"0\" >\n\t\t<div class=\"vc_column-inner\" >\n\t\t<div class=\"wpb_wrapper\">\n\t\t\t<div class=\"nectar-split-heading \" data-align=\"default\" data-m-align=\"inherit\" data-text-effect=\"default\" data-animation-type=\"line-reveal-by-space\" data-animation-delay=\"0\" data-animation-offset=\"\" data-m-rm-animation=\"\" data-stagger=\"\" data-custom-font-size=\"false\" ><h1 >CONTACTO<\/h1><\/div>\n\t\t<\/div> \n\t<\/div>\n\t<\/div> \n<\/div><\/div>\n\t\t\t<\/div> \n\t\t<\/div>\n\t<\/div> \n<\/div><\/div>\n\t\t<div id=\"fws_69ef47bb36efb\"  data-column-margin=\"default\" data-midnight=\"dark\" data-top-percent=\"3%\" data-bottom-percent=\"3%\"  class=\"wpb_row vc_row-fluid vc_row full-width-section vc_row-o-equal-height vc_row-flex vc_row-o-content-middle  top_margin_0px bottom_margin_2pct top_padding_phone_8pct bottom_padding_phone_8pct\"  style=\"padding-top: calc(100vw * 0.03); padding-bottom: calc(100vw * 0.03); \"><div class=\"row-bg-wrap\" data-bg-animation=\"none\" data-bg-animation-delay=\"\" data-bg-overlay=\"false\"><div class=\"inner-wrap row-bg-layer\" ><div class=\"row-bg viewport-desktop\"  style=\"\"><\/div><\/div><\/div><div class=\"row_col_wrap_12 col span_12 dark left\">\n\t<div  class=\"vc_col-sm-6 wpb_column column_container vc_column_container col centered-text padding-3-percent inherit_tablet inherit_phone \"  data-padding-pos=\"left-right\" data-has-bg-color=\"false\" data-bg-color=\"\" data-bg-opacity=\"1\" data-animation=\"\" data-delay=\"0\" >\n\t\t<div class=\"vc_column-inner\" >\n\t\t\t<div class=\"wpb_wrapper\">\n\t\t\t\t<div id=\"fws_69ef47bb38586\" data-midnight=\"\" data-column-margin=\"20px\" class=\"wpb_row vc_row-fluid vc_row inner_row vc_row-o-equal-height vc_row-flex right_padding_5pct right_padding_phone_0pct\"  style=\"\"><div class=\"row-bg-wrap\"> <div class=\"row-bg\" ><\/div> <\/div><div class=\"row_col_wrap_12_inner col span_12  center\">\n\t<div  class=\"vc_col-sm-12 wpb_column column_container vc_column_container col child_column centered-text no-extra-padding inherit_tablet inherit_phone \"   data-padding-pos=\"all\" data-has-bg-color=\"false\" data-bg-color=\"\" data-bg-opacity=\"1\" data-animation=\"\" data-delay=\"0\" >\n\t\t<div class=\"vc_column-inner\" >\n\t\t<div class=\"wpb_wrapper\">\n\t\t\t\n<div class=\"wpb_text_column wpb_content_element \" >\n\t<div class=\"wpb_wrapper\">\n\t\t<p><strong>Direcci\u00f3n<\/strong><br \/>\nSan Francisco 310, Del Valle Norte, Benito Ju\u00e1rez, 03103, Ciudad de M\u00e9xico<\/p>\n\t<\/div>\n<\/div>\n\n\n\n\n\t\t<\/div> \n\t<\/div>\n\t<\/div> \n<\/div><\/div><div id=\"fws_69ef47bb3c604\" data-midnight=\"\" data-column-margin=\"20px\" class=\"wpb_row vc_row-fluid vc_row inner_row vc_row-o-equal-height vc_row-flex right_padding_5pct right_padding_phone_0pct\"  style=\"padding-top: 10px; padding-bottom: 10px; \"><div class=\"row-bg-wrap\"> <div class=\"row-bg\" ><\/div> <\/div><div class=\"row_col_wrap_12_inner col span_12  center\">\n\t<div  class=\"vc_col-sm-6 wpb_column column_container vc_column_container col child_column centered-text no-extra-padding inherit_tablet inherit_phone \"   data-padding-pos=\"all\" data-has-bg-color=\"false\" data-bg-color=\"\" data-bg-opacity=\"1\" data-animation=\"\" data-delay=\"0\" >\n\t\t<div class=\"vc_column-inner\" >\n\t\t<div class=\"wpb_wrapper\">\n\t\t\t\n<div class=\"wpb_text_column wpb_content_element \" >\n\t<div class=\"wpb_wrapper\">\n\t\t<p><strong>Tel\u00e9fono<\/strong><br \/>\n+52 (55) 5985 1050<\/p>\n\t<\/div>\n<\/div>\n\n\n\n\n\t\t<\/div> \n\t<\/div>\n\t<\/div> \n\n\t<div  class=\"vc_col-sm-6 wpb_column column_container vc_column_container col child_column centered-text no-extra-padding inherit_tablet inherit_phone \"   data-padding-pos=\"all\" data-has-bg-color=\"false\" data-bg-color=\"\" data-bg-opacity=\"1\" data-animation=\"\" data-delay=\"0\" >\n\t\t<div class=\"vc_column-inner\" >\n\t\t<div class=\"wpb_wrapper\">\n\t\t\t\n<div class=\"wpb_text_column wpb_content_element \" >\n\t<div class=\"wpb_wrapper\">\n\t\t<p><strong>Correo<\/strong><br \/>\n<a href=\"mailto:contacto@navarrocym.com.mx\">contacto@navarrocym.com.mx<\/a><\/p>\n\t<\/div>\n<\/div>\n\n\n\n\n\t\t<\/div> \n\t<\/div>\n\t<\/div> \n<\/div><\/div><div id=\"fws_69ef47bb4095d\" data-midnight=\"\" data-column-margin=\"default\" class=\"wpb_row vc_row-fluid vc_row inner_row\"  style=\"padding-top: 10px; \"><div class=\"row-bg-wrap\"> <div class=\"row-bg\" ><\/div> <\/div><div class=\"row_col_wrap_12_inner col span_12  center\">\n\t<div  class=\"vc_col-sm-12 wpb_column column_container vc_column_container col child_column no-extra-padding inherit_tablet inherit_phone \"   data-padding-pos=\"all\" data-has-bg-color=\"false\" data-bg-color=\"\" data-bg-opacity=\"1\" data-animation=\"\" data-delay=\"0\" >\n\t\t<div class=\"vc_column-inner\" >\n\t\t<div class=\"wpb_wrapper\">\n\t\t\t<div class=\"img-with-aniamtion-wrap center\" data-max-width=\"75%\" data-max-width-mobile=\"default\" data-shadow=\"none\" data-animation=\"fade-in\" >\n      <div class=\"inner\">\n        <div class=\"hover-wrap\"> \n          <div class=\"hover-wrap-inner\">\n            <img loading=\"lazy\" decoding=\"async\" class=\"img-with-animation skip-lazy \" data-delay=\"0\" height=\"1072\" width=\"1384\" data-animation=\"fade-in\" src=\"https:\/\/navarrocym.com.mx\/wp-content\/uploads\/2023\/06\/vista-oficina.webp\" alt=\"\" srcset=\"https:\/\/navarrocym.com.mx\/wp-content\/uploads\/2023\/06\/vista-oficina.webp 1384w, https:\/\/navarrocym.com.mx\/wp-content\/uploads\/2023\/06\/vista-oficina-300x232.webp 300w, https:\/\/navarrocym.com.mx\/wp-content\/uploads\/2023\/06\/vista-oficina-1024x793.webp 1024w, https:\/\/navarrocym.com.mx\/wp-content\/uploads\/2023\/06\/vista-oficina-768x595.webp 768w, https:\/\/navarrocym.com.mx\/wp-content\/uploads\/2023\/06\/vista-oficina-15x12.webp 15w\" sizes=\"auto, (max-width: 1384px) 100vw, 1384px\" \/>\n          <\/div>\n        <\/div>\n      <\/div>\n    <\/div>\n\t\t<\/div> \n\t<\/div>\n\t<\/div> \n<\/div><\/div>\n\t\t\t<\/div> \n\t\t<\/div>\n\t<\/div> \n\n\t<div  class=\"vc_col-sm-6 wpb_column column_container vc_column_container col\"  data-padding-pos=\"all\" data-has-bg-color=\"false\" data-bg-color=\"\" data-bg-opacity=\"1\" data-animation=\"\" data-delay=\"0\" >\n\t\t<div class=\"vc_column-inner\" >\n\t\t\t<div class=\"wpb_wrapper\">\n\t\t\t\t<div class=\"nectar-split-heading \" data-align=\"default\" data-m-align=\"inherit\" data-text-effect=\"default\" data-animation-type=\"line-reveal-by-space\" data-animation-delay=\"0\" data-animation-offset=\"\" data-m-rm-animation=\"\" data-stagger=\"\" data-custom-font-size=\"false\" ><h4 >Empecemos una conversaci\u00f3n<\/h4><\/div>\n<div class=\"wpcf7 no-js\" id=\"wpcf7-f238-o1\" lang=\"es-ES\" dir=\"ltr\" data-wpcf7-id=\"238\">\n<div class=\"screen-reader-response\"><p role=\"status\" aria-live=\"polite\" aria-atomic=\"true\"><\/p> <ul><\/ul><\/div>\n<form action=\"\/es\/wp-json\/wp\/v2\/pages\/239#wpcf7-f238-o1\" method=\"post\" class=\"wpcf7-form init\" aria-label=\"Formulario de contacto\" novalidate=\"novalidate\" data-status=\"init\">\n<fieldset class=\"hidden-fields-container\"><input type=\"hidden\" name=\"_wpcf7\" value=\"238\" \/><input type=\"hidden\" name=\"_wpcf7_version\" value=\"6.1.4\" \/><input type=\"hidden\" name=\"_wpcf7_locale\" value=\"es_ES\" \/><input type=\"hidden\" name=\"_wpcf7_unit_tag\" value=\"wpcf7-f238-o1\" \/><input type=\"hidden\" name=\"_wpcf7_container_post\" value=\"0\" \/><input type=\"hidden\" name=\"_wpcf7_posted_data_hash\" value=\"\" \/><input type=\"hidden\" name=\"_wpcf7_recaptcha_response\" value=\"\" \/>\n<\/fieldset>\n<p><label> Nombre<br \/>\n<span class=\"wpcf7-form-control-wrap\" data-name=\"your-name\"><input size=\"40\" maxlength=\"400\" class=\"wpcf7-form-control wpcf7-text wpcf7-validates-as-required\" autocomplete=\"name\" aria-required=\"true\" aria-invalid=\"false\" value=\"\" type=\"text\" name=\"your-name\" \/><\/span> <\/label>\n<\/p>\n<p><label> Correo electr\u00f3nico<br \/>\n<span class=\"wpcf7-form-control-wrap\" data-name=\"your-email\"><input size=\"40\" maxlength=\"400\" class=\"wpcf7-form-control wpcf7-email wpcf7-validates-as-required wpcf7-text wpcf7-validates-as-email\" autocomplete=\"email\" aria-required=\"true\" aria-invalid=\"false\" value=\"\" type=\"email\" name=\"your-email\" \/><\/span> <\/label>\n<\/p>\n<p><label> Tel\u00e9fono<br \/>\n<span class=\"wpcf7-form-control-wrap\" data-name=\"tel-937\"><input size=\"40\" maxlength=\"400\" class=\"wpcf7-form-control wpcf7-tel wpcf7-text wpcf7-validates-as-tel\" id=\"tel\" aria-invalid=\"false\" value=\"\" type=\"tel\" name=\"tel-937\" \/><\/span><\/label>\n<\/p>\n<p><label> Asunto<br \/>\n<span class=\"wpcf7-form-control-wrap\" data-name=\"your-subject\"><input size=\"40\" maxlength=\"400\" class=\"wpcf7-form-control wpcf7-text wpcf7-validates-as-required\" aria-required=\"true\" aria-invalid=\"false\" value=\"\" type=\"text\" name=\"your-subject\" \/><\/span> <\/label>\n<\/p>\n<p><label> Mensaje (opcional)<br \/>\n<span class=\"wpcf7-form-control-wrap\" data-name=\"your-message\"><textarea cols=\"40\" rows=\"10\" maxlength=\"2000\" class=\"wpcf7-form-control wpcf7-textarea\" aria-invalid=\"false\" name=\"your-message\"><\/textarea><\/span> <\/label>\n<\/p>\n<p><input class=\"wpcf7-form-control wpcf7-submit has-spinner\" type=\"submit\" value=\"Enviar\" \/>\n<\/p><input type='hidden' class='wpcf7-pum' value='{\"closepopup\":false,\"closedelay\":0,\"openpopup\":false,\"openpopup_id\":0}' \/><div class=\"wpcf7-response-output\" aria-hidden=\"true\"><\/div>\n<\/form>\n<\/div>\n\n\t\t\t<\/div> \n\t\t<\/div>\n\t<\/div> \n<\/div><\/div>\n","protected":false},"excerpt":{"rendered":"CONTACTO Direcci\u00f3n San Francisco 310, Del Valle Norte, Benito Ju\u00e1rez, 03103, Ciudad de M\u00e9xico Tel\u00e9fono +52 (55) 5985 1050 Correo contacto@navarrocym.com.mx Empecemos una conversaci\u00f3n Nombre Correo electr\u00f3nico Tel\u00e9fono Asunto Mensaje...","protected":false},"author":2,"featured_media":460,"parent":0,"menu_order":0,"comment_status":"closed","ping_status":"closed","template":"","meta":{"footnotes":""},"class_list":["post-239","page","type-page","status-publish","has-post-thumbnail"],"yoast_head":"<!-- This site is optimized with the Yoast SEO plugin v26.1.1 - https:\/\/yoast.com\/wordpress\/plugins\/seo\/ -->\r\n<title>Contacto | Navarro &amp; Cal y Mayor<\/title>\r\n<meta name=\"description\" content=\"Para comunicarte con nosotros, puedes hacerlo v\u00eda contacto@navarrocym.com.mx; o usando el siguiente formulario...\" \/>\r\n<meta name=\"robots\" content=\"index, follow, max-snippet:-1, max-image-preview:large, max-video-preview:-1\" \/>\r\n<link rel=\"canonical\" href=\"https:\/\/navarrocym.com.mx\/es\/contacto\/\" \/>\r\n<meta property=\"og:locale\" content=\"es_ES\" \/>\r\n<meta property=\"og:type\" content=\"article\" \/>\r\n<meta property=\"og:title\" content=\"Contacto | Navarro &amp; Cal y Mayor\" \/>\r\n<meta property=\"og:description\" content=\"Para comunicarte con nosotros, puedes hacerlo v\u00eda contacto@navarrocym.com.mx; o usando el siguiente formulario...\" \/>\r\n<meta property=\"og:url\" content=\"https:\/\/navarrocym.com.mx\/es\/contacto\/\" \/>\r\n<meta property=\"og:site_name\" content=\"Navarro Cal y Mayor\" \/>\r\n<meta property=\"article:modified_time\" content=\"2023-09-12T16:29:49+00:00\" \/>\r\n<meta property=\"og:image\" content=\"https:\/\/navarrocym.com.mx\/wp-content\/uploads\/2023\/06\/vista-oficina.webp\" \/>\r\n\t<meta property=\"og:image:width\" content=\"1384\" \/>\r\n\t<meta property=\"og:image:height\" content=\"1072\" \/>\r\n\t<meta property=\"og:image:type\" content=\"image\/webp\" \/>\r\n<meta name=\"twitter:card\" content=\"summary_large_image\" \/>\r\n<meta name=\"twitter:label1\" content=\"Tiempo de lectura\" \/>\n\t<meta name=\"twitter:data1\" content=\"3 minutos\" \/>\r\n<script type=\"application\/ld+json\" class=\"yoast-schema-graph\">{\"@context\":\"https:\/\/schema.org\",\"@graph\":[{\"@type\":\"WebPage\",\"@id\":\"https:\/\/navarrocym.com.mx\/contacto\/\",\"url\":\"https:\/\/navarrocym.com.mx\/es\/contacto\/\",\"name\":\"Contacto | Navarro & Cal y Mayor\",\"isPartOf\":{\"@id\":\"https:\/\/navarrocym.com.mx\/#website\"},\"primaryImageOfPage\":{\"@id\":\"https:\/\/navarrocym.com.mx\/es\/contacto\/#primaryimage\"},\"image\":{\"@id\":\"https:\/\/navarrocym.com.mx\/es\/contacto\/#primaryimage\"},\"thumbnailUrl\":\"https:\/\/navarrocym.com.mx\/wp-content\/uploads\/2023\/06\/vista-oficina.webp\",\"datePublished\":\"2023-09-01T17:38:40+00:00\",\"dateModified\":\"2023-09-12T16:29:49+00:00\",\"description\":\"Para comunicarte con nosotros, puedes hacerlo v\u00eda contacto@navarrocym.com.mx; o usando el siguiente formulario...\",\"breadcrumb\":{\"@id\":\"https:\/\/navarrocym.com.mx\/es\/contacto\/#breadcrumb\"},\"inLanguage\":\"es\",\"potentialAction\":[{\"@type\":\"ReadAction\",\"target\":[\"https:\/\/navarrocym.com.mx\/es\/contacto\/\"]}]},{\"@type\":\"ImageObject\",\"inLanguage\":\"es\",\"@id\":\"https:\/\/navarrocym.com.mx\/es\/contacto\/#primaryimage\",\"url\":\"https:\/\/navarrocym.com.mx\/wp-content\/uploads\/2023\/06\/vista-oficina.webp\",\"contentUrl\":\"https:\/\/navarrocym.com.mx\/wp-content\/uploads\/2023\/06\/vista-oficina.webp\",\"width\":1384,\"height\":1072},{\"@type\":\"BreadcrumbList\",\"@id\":\"https:\/\/navarrocym.com.mx\/es\/contacto\/#breadcrumb\",\"itemListElement\":[{\"@type\":\"ListItem\",\"position\":1,\"name\":\"Portada\",\"item\":\"https:\/\/navarrocym.com.mx\/\"},{\"@type\":\"ListItem\",\"position\":2,\"name\":\"Contacto\"}]},{\"@type\":\"WebSite\",\"@id\":\"https:\/\/navarrocym.com.mx\/#website\",\"url\":\"https:\/\/navarrocym.com.mx\/\",\"name\":\"Navarro & Cal y Mayor\",\"description\":\"Gesti\u00f3n Integral en Edificaci\u00f3n\",\"publisher\":{\"@id\":\"https:\/\/navarrocym.com.mx\/#organization\"},\"alternateName\":\"Navarro\",\"potentialAction\":[{\"@type\":\"SearchAction\",\"target\":{\"@type\":\"EntryPoint\",\"urlTemplate\":\"https:\/\/navarrocym.com.mx\/?s={search_term_string}\"},\"query-input\":{\"@type\":\"PropertyValueSpecification\",\"valueRequired\":true,\"valueName\":\"search_term_string\"}}],\"inLanguage\":\"es\"},{\"@type\":\"Organization\",\"@id\":\"https:\/\/navarrocym.com.mx\/#organization\",\"name\":\"Navarro & Cal y Mayor\",\"alternateName\":\"Navarro\",\"url\":\"https:\/\/navarrocym.com.mx\/\",\"logo\":{\"@type\":\"ImageObject\",\"inLanguage\":\"es\",\"@id\":\"https:\/\/navarrocym.com.mx\/#\/schema\/logo\/image\/\",\"url\":\"https:\/\/navarrocym.com.mx\/wp-content\/uploads\/2023\/05\/Recurso-1.jpg\",\"contentUrl\":\"https:\/\/navarrocym.com.mx\/wp-content\/uploads\/2023\/05\/Recurso-1.jpg\",\"width\":498,\"height\":120,\"caption\":\"Navarro & Cal y Mayor\"},\"image\":{\"@id\":\"https:\/\/navarrocym.com.mx\/#\/schema\/logo\/image\/\"},\"sameAs\":[\"https:\/\/www.linkedin.com\/company\/navarro-calymayoredificacion\/\"]}]}<\/script>\r\n<!-- \/ Yoast SEO plugin. -->","yoast_head_json":{"title":"Contacto | Navarro & Cal y Mayor","description":"Para comunicarte con nosotros, puedes hacerlo v\u00eda contacto@navarrocym.com.mx; o usando el siguiente formulario...","robots":{"index":"index","follow":"follow","max-snippet":"max-snippet:-1","max-image-preview":"max-image-preview:large","max-video-preview":"max-video-preview:-1"},"canonical":"https:\/\/navarrocym.com.mx\/es\/contacto\/","og_locale":"es_ES","og_type":"article","og_title":"Contacto | Navarro & Cal y Mayor","og_description":"Para comunicarte con nosotros, puedes hacerlo v\u00eda contacto@navarrocym.com.mx; o usando el siguiente formulario...","og_url":"https:\/\/navarrocym.com.mx\/es\/contacto\/","og_site_name":"Navarro Cal y Mayor","article_modified_time":"2023-09-12T16:29:49+00:00","og_image":[{"width":1384,"height":1072,"url":"https:\/\/navarrocym.com.mx\/wp-content\/uploads\/2023\/06\/vista-oficina.webp","type":"image\/webp"}],"twitter_card":"summary_large_image","twitter_misc":{"Tiempo de lectura":"3 minutos"},"schema":{"@context":"https:\/\/schema.org","@graph":[{"@type":"WebPage","@id":"https:\/\/navarrocym.com.mx\/contacto\/","url":"https:\/\/navarrocym.com.mx\/es\/contacto\/","name":"Contacto | Navarro & Cal y Mayor","isPartOf":{"@id":"https:\/\/navarrocym.com.mx\/#website"},"primaryImageOfPage":{"@id":"https:\/\/navarrocym.com.mx\/es\/contacto\/#primaryimage"},"image":{"@id":"https:\/\/navarrocym.com.mx\/es\/contacto\/#primaryimage"},"thumbnailUrl":"https:\/\/navarrocym.com.mx\/wp-content\/uploads\/2023\/06\/vista-oficina.webp","datePublished":"2023-09-01T17:38:40+00:00","dateModified":"2023-09-12T16:29:49+00:00","description":"Para comunicarte con nosotros, puedes hacerlo v\u00eda contacto@navarrocym.com.mx; o usando el siguiente formulario...","breadcrumb":{"@id":"https:\/\/navarrocym.com.mx\/es\/contacto\/#breadcrumb"},"inLanguage":"es","potentialAction":[{"@type":"ReadAction","target":["https:\/\/navarrocym.com.mx\/es\/contacto\/"]}]},{"@type":"ImageObject","inLanguage":"es","@id":"https:\/\/navarrocym.com.mx\/es\/contacto\/#primaryimage","url":"https:\/\/navarrocym.com.mx\/wp-content\/uploads\/2023\/06\/vista-oficina.webp","contentUrl":"https:\/\/navarrocym.com.mx\/wp-content\/uploads\/2023\/06\/vista-oficina.webp","width":1384,"height":1072},{"@type":"BreadcrumbList","@id":"https:\/\/navarrocym.com.mx\/es\/contacto\/#breadcrumb","itemListElement":[{"@type":"ListItem","position":1,"name":"Portada","item":"https:\/\/navarrocym.com.mx\/"},{"@type":"ListItem","position":2,"name":"Contacto"}]},{"@type":"WebSite","@id":"https:\/\/navarrocym.com.mx\/#website","url":"https:\/\/navarrocym.com.mx\/","name":"Navarro & Cal y Mayor","description":"Gesti\u00f3n Integral en Edificaci\u00f3n","publisher":{"@id":"https:\/\/navarrocym.com.mx\/#organization"},"alternateName":"Navarro","potentialAction":[{"@type":"SearchAction","target":{"@type":"EntryPoint","urlTemplate":"https:\/\/navarrocym.com.mx\/?s={search_term_string}"},"query-input":{"@type":"PropertyValueSpecification","valueRequired":true,"valueName":"search_term_string"}}],"inLanguage":"es"},{"@type":"Organization","@id":"https:\/\/navarrocym.com.mx\/#organization","name":"Navarro & Cal y Mayor","alternateName":"Navarro","url":"https:\/\/navarrocym.com.mx\/","logo":{"@type":"ImageObject","inLanguage":"es","@id":"https:\/\/navarrocym.com.mx\/#\/schema\/logo\/image\/","url":"https:\/\/navarrocym.com.mx\/wp-content\/uploads\/2023\/05\/Recurso-1.jpg","contentUrl":"https:\/\/navarrocym.com.mx\/wp-content\/uploads\/2023\/05\/Recurso-1.jpg","width":498,"height":120,"caption":"Navarro & Cal y Mayor"},"image":{"@id":"https:\/\/navarrocym.com.mx\/#\/schema\/logo\/image\/"},"sameAs":["https:\/\/www.linkedin.com\/company\/navarro-calymayoredificacion\/"]}]}},"_links":{"self":[{"href":"https:\/\/navarrocym.com.mx\/es\/wp-json\/wp\/v2\/pages\/239","targetHints":{"allow":["GET"]}}],"collection":[{"href":"https:\/\/navarrocym.com.mx\/es\/wp-json\/wp\/v2\/pages"}],"about":[{"href":"https:\/\/navarrocym.com.mx\/es\/wp-json\/wp\/v2\/types\/page"}],"author":[{"embeddable":true,"href":"https:\/\/navarrocym.com.mx\/es\/wp-json\/wp\/v2\/users\/2"}],"replies":[{"embeddable":true,"href":"https:\/\/navarrocym.com.mx\/es\/wp-json\/wp\/v2\/comments?post=239"}],"version-history":[{"count":20,"href":"https:\/\/navarrocym.com.mx\/es\/wp-json\/wp\/v2\/pages\/239\/revisions"}],"predecessor-version":[{"id":784,"href":"https:\/\/navarrocym.com.mx\/es\/wp-json\/wp\/v2\/pages\/239\/revisions\/784"}],"wp:featuredmedia":[{"embeddable":true,"href":"https:\/\/navarrocym.com.mx\/es\/wp-json\/wp\/v2\/media\/460"}],"wp:attachment":[{"href":"https:\/\/navarrocym.com.mx\/es\/wp-json\/wp\/v2\/media?parent=239"}],"curies":[{"name":"wp","href":"https:\/\/api.w.org\/{rel}","templated":true}]}}